{"id":299,"date":"2021-04-19T19:19:16","date_gmt":"2021-04-19T17:19:16","guid":{"rendered":"https:\/\/nazu-oyasumi.com\/?post_type=product&#038;p=299"},"modified":"2021-04-19T19:20:06","modified_gmt":"2021-04-19T17:20:06","slug":"hyena-perverting-the-youth","status":"publish","type":"product","link":"https:\/\/nazu-oyasumi.com\/index.php\/produit\/hyena-perverting-the-youth\/","title":{"rendered":"Hyena &#8211; Perverting the Youth"},"content":{"rendered":"<p class=\"font_8\">S\u00e9rigraphie Mad S\u00e9ries \/\/ Papier 300 gr<\/p>\n<p class=\"font_8\">20 ex \/\/ num\u00e9rot\u00e9s &amp; sign\u00e9s<\/p>\n<p class=\"font_8\">50 X 65 cm \/\/ 2016<\/p>\n","protected":false},"excerpt":{"rendered":"<p>S\u00e9rigraphie Mad S\u00e9ries \/\/ Papier 300 gr 20 ex \/\/ num\u00e9rot\u00e9s &amp; sign\u00e9s 50 X 65 cm \/\/ 2016<\/p>\n","protected":false},"featured_media":109,"template":"","meta":{"ngg_post_thumbnail":0},"product_brand":[],"product_cat":[17],"product_tag":[],"class_list":{"0":"post-299","1":"product","2":"type-product","3":"status-publish","4":"has-post-thumbnail","6":"product_cat-posters","8":"first","9":"instock","10":"shipping-taxable","11":"purchasable","12":"product-type-simple"},"_links":{"self":[{"href":"https:\/\/nazu-oyasumi.com\/index.php\/wp-json\/wp\/v2\/product\/299","targetHints":{"allow":["GET"]}}],"collection":[{"href":"https:\/\/nazu-oyasumi.com\/index.php\/wp-json\/wp\/v2\/product"}],"about":[{"href":"https:\/\/nazu-oyasumi.com\/index.php\/wp-json\/wp\/v2\/types\/product"}],"wp:featuredmedia":[{"embeddable":true,"href":"https:\/\/nazu-oyasumi.com\/index.php\/wp-json\/wp\/v2\/media\/109"}],"wp:attachment":[{"href":"https:\/\/nazu-oyasumi.com\/index.php\/wp-json\/wp\/v2\/media?parent=299"}],"wp:term":[{"taxonomy":"product_brand","embeddable":true,"href":"https:\/\/nazu-oyasumi.com\/index.php\/wp-json\/wp\/v2\/product_brand?post=299"},{"taxonomy":"product_cat","embeddable":true,"href":"https:\/\/nazu-oyasumi.com\/index.php\/wp-json\/wp\/v2\/product_cat?post=299"},{"taxonomy":"product_tag","embeddable":true,"href":"https:\/\/nazu-oyasumi.com\/index.php\/wp-json\/wp\/v2\/product_tag?post=299"}],"curies":[{"name":"wp","href":"https:\/\/api.w.org\/{rel}","templated":true}]}}